{"id":4296,"date":"2018-02-02T13:55:56","date_gmt":"2018-02-02T13:55:56","guid":{"rendered":"https:\/\/www.chateauvullierens.ch\/?page_id=4296"},"modified":"2025-11-12T12:32:29","modified_gmt":"2025-11-12T12:32:29","slug":"accueil","status":"publish","type":"page","link":"https:\/\/455.ch\/en\/","title":{"rendered":"Closed. Next opening : Sam. 04.04.26"},"content":{"rendered":"<div class=\"wpb-content-wrapper\"><p>[vc_row full_width=&#8221;stretch_row_content_no_spaces&#8221;][vc_column][vc_banner image=&#8221;13021&#8243;][\/vc_column][\/vc_row][vc_row full_width=&#8221;stretch_row&#8221; el_class=&#8221;home-offset-container&#8221;][vc_column][vc_row_inner][vc_column_inner width=&#8221;1\/3&#8243; css=&#8221;.vc_custom_1516801960166{background-color: #ffffff !important;}&#8221;][vc_column_text]Nous sommes ferm\u00e9s<\/p>\n<h2><\/h2>\n<p><a href=\"https:\/\/455.ch\/en\/visit\/\">Horaires et infos pratiques<\/a><\/p>\n<p><a href=\"https:\/\/etickets.infomaniak.com\/shop\/n5EFeCAdEi\/\">Achetez votre billet<\/a>[\/vc_column_text][\/vc_column_inner][vc_column_inner width=&#8221;1\/3&#8243; css=&#8221;.vc_custom_1516802257968{background-color: #ffffff !important;}&#8221;][vc_column_text]Nous trouver<img loading=\"lazy\" decoding=\"async\" class=\"alignnone size-full wp-image-10150\" src=\"https:\/\/www.chateauvullierens.ch\/wp-content\/uploads\/2017\/02\/spacer.gif\" alt=\"\" width=\"1\" height=\"1\" \/><\/p>\n<h2>Ch\u00e2teau de Vullierens<br \/>\nCH-1115 Vullierens-sur-Morges<img loading=\"lazy\" decoding=\"async\" class=\"alignnone size-full wp-image-10150\" src=\"https:\/\/www.chateauvullierens.ch\/wp-content\/uploads\/2017\/02\/spacer.gif\" alt=\"\" width=\"1\" height=\"1\" \/><\/h2>\n<p><a href=\"https:\/\/www.google.ch\/maps\/place\/Les+Jardins+du+Ch%C3%A2teau+de+Vullierens+-+Jardins+des+Iris\/@46.5703418,6.4757378,17z\/data=!3m1!4b1!4m5!3m4!1s0x478c35deae6dca55:0xf1191d0aa273bd35!8m2!3d46.5703381!4d6.4779318\" target=\"_blank\" rel=\"noopener noreferrer\">Voir l&#8217;itin\u00e9raire<\/a><\/p>\n<p>&nbsp;<\/p>\n<p>[\/vc_column_text][\/vc_column_inner][vc_column_inner width=&#8221;1\/3&#8243;][\/vc_column_inner][\/vc_row_inner][\/vc_column][\/vc_row][vc_row][vc_column][vc_home_fullwidth_block title=&#8221;Les Jardins les plus spectaculaires de Suisse par\u00e9s de leurs fleurs de saison. Exposition de plus de 80 sculptures \u00e0 admirer.&#8221; image=&#8221;10409&#8243; link_label=&#8221;Achetez vos billets&#8221; link=&#8221;url:https%3A%2F%2Fetickets.infomaniak.com%2Fshop%2Fn5EFeCAdEi%2F|||&#8221; images=&#8221;9527,11237,12469,12465&#8243;][vc_empty_space height=&#8221;80px&#8221;][vc_home_slider post_types=&#8221;post&#8221; title=&#8221;Actualit\u00e9s&#8221; limit=&#8221;1&#8243; flower_link=&#8221;url:https%3A%2F%2Fcdi.066.ch%2Fperiodes-de-floraison%2F|||&#8221;]\n                <div class=\"home-garden-slider home-block\">\n                    <h2>Themed gardens<\/h2>\n                    <div class=\"owl-home-garden owl-carousel owl-theme\">\n            \n                    <div class=\"item\">\n                        <div class=\"block-left\">\n                            <h3>Dorianne&#8217;s Garden<\/h3>\n                            <a class=\"btn\" href=\"https:\/\/455.ch\/en\/garden\/doriannes-garden\/\">Explore<\/a>\n                        <\/div>\n                        <div class=\"block-right\">\n                            <figure><img loading=\"lazy\" decoding=\"async\" width=\"2560\" height=\"1919\" src=\"https:\/\/455.ch\/wp-content\/uploads\/2024\/06\/chateau-de-vullierens1-roses-scaled.jpg\" class=\"attachment-post-thumbnail size-post-thumbnail wp-post-image\" alt=\"\" srcset=\"https:\/\/455.ch\/wp-content\/uploads\/2024\/06\/chateau-de-vullierens1-roses-scaled.jpg 2560w, https:\/\/455.ch\/wp-content\/uploads\/2024\/06\/chateau-de-vullierens1-roses-300x225.jpg 300w, https:\/\/455.ch\/wp-content\/uploads\/2024\/06\/chateau-de-vullierens1-roses-1024x767.jpg 1024w, https:\/\/455.ch\/wp-content\/uploads\/2024\/06\/chateau-de-vullierens1-roses-768x576.jpg 768w, https:\/\/455.ch\/wp-content\/uploads\/2024\/06\/chateau-de-vullierens1-roses-1536x1151.jpg 1536w, https:\/\/455.ch\/wp-content\/uploads\/2024\/06\/chateau-de-vullierens1-roses-2048x1535.jpg 2048w, https:\/\/455.ch\/wp-content\/uploads\/2024\/06\/chateau-de-vullierens1-roses-600x450.jpg 600w\" sizes=\"auto, (max-width: 2560px) 100vw, 2560px\" \/><\/figure>\n                        <\/div>\n                        <div class=\"clear\"><\/div>\n                    <\/div>\n                \n                    <div class=\"item\">\n                        <div class=\"block-left\">\n                            <h3>Daria&#8217;s Garden<\/h3>\n                            <a class=\"btn\" href=\"https:\/\/455.ch\/en\/garden\/darias-garden\/\">Explore<\/a>\n                        <\/div>\n                        <div class=\"block-right\">\n                            <figure><img loading=\"lazy\" decoding=\"async\" width=\"1920\" height=\"1280\" src=\"https:\/\/455.ch\/wp-content\/uploads\/2018\/02\/Regis-Colombo-2015_116-scaled.jpg\" class=\"attachment-post-thumbnail size-post-thumbnail wp-post-image\" alt=\"daria_garden_jardin_des_iris_regiscolombo\" srcset=\"https:\/\/455.ch\/wp-content\/uploads\/2018\/02\/Regis-Colombo-2015_116-scaled.jpg 1920w, https:\/\/455.ch\/wp-content\/uploads\/2018\/02\/Regis-Colombo-2015_116-scaled-600x400.jpg 600w\" sizes=\"auto, (max-width: 1920px) 100vw, 1920px\" \/><\/figure>\n                        <\/div>\n                        <div class=\"clear\"><\/div>\n                    <\/div>\n                \n                    <div class=\"item\">\n                        <div class=\"block-left\">\n                            <h3>Bunny&#8217;s Shade Garden<\/h3>\n                            <a class=\"btn\" href=\"https:\/\/455.ch\/en\/garden\/bunnys-shade-garden\/\">Explore<\/a>\n                        <\/div>\n                        <div class=\"block-right\">\n                            <figure><img loading=\"lazy\" decoding=\"async\" width=\"1024\" height=\"683\" src=\"https:\/\/455.ch\/wp-content\/uploads\/2018\/01\/chateau-vuillerens.CAT_0607.jpg\" class=\"attachment-post-thumbnail size-post-thumbnail wp-post-image\" alt=\"\" srcset=\"https:\/\/455.ch\/wp-content\/uploads\/2018\/01\/chateau-vuillerens.CAT_0607.jpg 1024w, https:\/\/455.ch\/wp-content\/uploads\/2018\/01\/chateau-vuillerens.CAT_0607-600x400.jpg 600w\" sizes=\"auto, (max-width: 1024px) 100vw, 1024px\" \/><\/figure>\n                        <\/div>\n                        <div class=\"clear\"><\/div>\n                    <\/div>\n                \n                    <div class=\"item\">\n                        <div class=\"block-left\">\n                            <h3>Doreen&#8217;s Garden<\/h3>\n                            <a class=\"btn\" href=\"https:\/\/455.ch\/en\/garden\/doreens-garden\/\">Explore<\/a>\n                        <\/div>\n                        <div class=\"block-right\">\n                            <figure><img loading=\"lazy\" decoding=\"async\" width=\"2560\" height=\"1705\" src=\"https:\/\/455.ch\/wp-content\/uploads\/2017\/03\/chateau-de-vullierens-2-doreen-garden-scaled.jpg\" class=\"attachment-post-thumbnail size-post-thumbnail wp-post-image\" alt=\"\" srcset=\"https:\/\/455.ch\/wp-content\/uploads\/2017\/03\/chateau-de-vullierens-2-doreen-garden-scaled.jpg 2560w, https:\/\/455.ch\/wp-content\/uploads\/2017\/03\/chateau-de-vullierens-2-doreen-garden-300x200.jpg 300w, https:\/\/455.ch\/wp-content\/uploads\/2017\/03\/chateau-de-vullierens-2-doreen-garden-1024x682.jpg 1024w, https:\/\/455.ch\/wp-content\/uploads\/2017\/03\/chateau-de-vullierens-2-doreen-garden-768x512.jpg 768w, https:\/\/455.ch\/wp-content\/uploads\/2017\/03\/chateau-de-vullierens-2-doreen-garden-1536x1023.jpg 1536w, https:\/\/455.ch\/wp-content\/uploads\/2017\/03\/chateau-de-vullierens-2-doreen-garden-2048x1364.jpg 2048w, https:\/\/455.ch\/wp-content\/uploads\/2017\/03\/chateau-de-vullierens-2-doreen-garden-1200x800.jpg 1200w, https:\/\/455.ch\/wp-content\/uploads\/2017\/03\/chateau-de-vullierens-2-doreen-garden-600x400.jpg 600w\" sizes=\"auto, (max-width: 2560px) 100vw, 2560px\" \/><\/figure>\n                        <\/div>\n                        <div class=\"clear\"><\/div>\n                    <\/div>\n                \n                    <div class=\"item\">\n                        <div class=\"block-left\">\n                            <h3>The Secret Garden<\/h3>\n                            <a class=\"btn\" href=\"https:\/\/455.ch\/en\/garden\/4381\/\">Explore<\/a>\n                        <\/div>\n                        <div class=\"block-right\">\n                            <figure><img loading=\"lazy\" decoding=\"async\" width=\"1920\" height=\"1280\" src=\"https:\/\/455.ch\/wp-content\/uploads\/2018\/02\/Regis-Colombo-2015_101-scaled.jpg\" class=\"attachment-post-thumbnail size-post-thumbnail wp-post-image\" alt=\"secret_garden_jardins_\u00e0_th\u00e8mes_regiscolombo\" srcset=\"https:\/\/455.ch\/wp-content\/uploads\/2018\/02\/Regis-Colombo-2015_101-scaled.jpg 1920w, https:\/\/455.ch\/wp-content\/uploads\/2018\/02\/Regis-Colombo-2015_101-scaled-600x400.jpg 600w\" sizes=\"auto, (max-width: 1920px) 100vw, 1920px\" \/><\/figure>\n                        <\/div>\n                        <div class=\"clear\"><\/div>\n                    <\/div>\n                \n                    <div class=\"item\">\n                        <div class=\"block-left\">\n                            <h3>Bridle Path<\/h3>\n                            <a class=\"btn\" href=\"https:\/\/455.ch\/en\/garden\/bridle-path\/\">Explore<\/a>\n                        <\/div>\n                        <div class=\"block-right\">\n                            <figure><img loading=\"lazy\" decoding=\"async\" width=\"1920\" height=\"1281\" src=\"https:\/\/455.ch\/wp-content\/uploads\/2017\/03\/Portes-des-Iris-4-e1711552181478.jpg\" class=\"attachment-post-thumbnail size-post-thumbnail wp-post-image\" alt=\"\" \/><\/figure>\n                        <\/div>\n                        <div class=\"clear\"><\/div>\n                    <\/div>\n                \n                    <div class=\"item\">\n                        <div class=\"block-left\">\n                            <h3>Summer Garden<\/h3>\n                            <a class=\"btn\" href=\"https:\/\/455.ch\/en\/garden\/summer-garden\/\">Explore<\/a>\n                        <\/div>\n                        <div class=\"block-right\">\n                            <figure><img loading=\"lazy\" decoding=\"async\" width=\"1920\" height=\"1440\" src=\"https:\/\/455.ch\/wp-content\/uploads\/2018\/04\/DJI_0389_R\u00e9gis_Colombo-scaled.jpg\" class=\"attachment-post-thumbnail size-post-thumbnail wp-post-image\" alt=\"\" srcset=\"https:\/\/455.ch\/wp-content\/uploads\/2018\/04\/DJI_0389_R\u00e9gis_Colombo-scaled.jpg 1920w, https:\/\/455.ch\/wp-content\/uploads\/2018\/04\/DJI_0389_R\u00e9gis_Colombo-scaled-600x450.jpg 600w\" sizes=\"auto, (max-width: 1920px) 100vw, 1920px\" \/><\/figure>\n                        <\/div>\n                        <div class=\"clear\"><\/div>\n                    <\/div>\n                \n                    <div class=\"item\">\n                        <div class=\"block-left\">\n                            <h3>The Entchanted Woodland<\/h3>\n                            <a class=\"btn\" href=\"https:\/\/455.ch\/en\/garden\/the-entchanted-woodland\/\">Explore<\/a>\n                        <\/div>\n                        <div class=\"block-right\">\n                            <figure><img loading=\"lazy\" decoding=\"async\" width=\"1920\" height=\"1280\" src=\"https:\/\/455.ch\/wp-content\/uploads\/2018\/02\/Regis-Colombo-2015_051-scaled.jpg\" class=\"attachment-post-thumbnail size-post-thumbnail wp-post-image\" alt=\"Entchanted_woodland_jardin_des_iris_regiscolombo\" srcset=\"https:\/\/455.ch\/wp-content\/uploads\/2018\/02\/Regis-Colombo-2015_051-scaled.jpg 1920w, https:\/\/455.ch\/wp-content\/uploads\/2018\/02\/Regis-Colombo-2015_051-scaled-600x400.jpg 600w\" sizes=\"auto, (max-width: 1920px) 100vw, 1920px\" \/><\/figure>\n                        <\/div>\n                        <div class=\"clear\"><\/div>\n                    <\/div>\n                \n                    <div class=\"item\">\n                        <div class=\"block-left\">\n                            <h3>Muni&#8217;s Garden<\/h3>\n                            <a class=\"btn\" href=\"https:\/\/455.ch\/en\/garden\/munis-garden\/\">Explore<\/a>\n                        <\/div>\n                        <div class=\"block-right\">\n                            <figure><img loading=\"lazy\" decoding=\"async\" width=\"1920\" height=\"1280\" src=\"https:\/\/455.ch\/wp-content\/uploads\/2017\/02\/regis-colombo-2015_007_low-scaled.jpg\" class=\"attachment-post-thumbnail size-post-thumbnail wp-post-image\" alt=\"\" srcset=\"https:\/\/455.ch\/wp-content\/uploads\/2017\/02\/regis-colombo-2015_007_low-scaled.jpg 1920w, https:\/\/455.ch\/wp-content\/uploads\/2017\/02\/regis-colombo-2015_007_low-scaled-600x400.jpg 600w\" sizes=\"auto, (max-width: 1920px) 100vw, 1920px\" \/><\/figure>\n                        <\/div>\n                        <div class=\"clear\"><\/div>\n                    <\/div>\n                \n                    <\/div>\n                <\/div>\n            [vc_home_block inverted=&#8221;yes&#8221; title=&#8221;Plus de 80 sculptures \u00e0 admirer dans un parc de 30 hectares&#8221; content_html=&#8221;6 nouvelles installations \u00e0 d\u00e9couvrir en 2020&#8243; image=&#8221;9530&#8243; link_label=&#8221;En savoir plus sur les artistes&#8221; link=&#8221;url:https%3A%2F%2Fcdi.066.ch%2Fart-sculptures%2F|||&#8221;][vc_home_block title=&#8221;Faites pousser nos iris et lys-h\u00e9m\u00e9rocalles chez vous&#8221; content_html=&#8221;Une collection r\u00e9unissant plus de 600 vari\u00e9t\u00e9s, certaines exclusives en Europe&#8221; image=&#8221;9533&#8243; link_label=&#8221;Commander&#8221; link=&#8221;url:https%3A%2F%2Fcdi.066.ch%2Fvente-de-rhizomes%2Fshop%2F|||&#8221;][vc_home_slider post_types=&#8221;product&#8221; display_price=&#8221;displayPrice&#8221; title=&#8221;Shopping&#8221; limit=&#8221;5&#8243; selected_product=&#8221;7284, 624, 7308, 7398, 3626&#8243;][\/vc_column][\/vc_row][vc_row][vc_column width=&#8221;1\/3&#8243;][vc_column_text]<\/p>\n<h2>Facebook<\/h2>\n<p>[custom-facebook-feed][\/vc_column_text][\/vc_column][vc_column width=&#8221;2\/3&#8243;][vc_column_text]<\/p>\n<h2>Instagram<\/h2>\n<p>[insta-gallery id=&#8221;1&#8243;][\/vc_column_text][\/vc_column][\/vc_row]<\/p>\n<\/div>","protected":false},"excerpt":{"rendered":"<p>[vc_row full_width=&#8221;stretch_row_content_no_spaces&#8221;][vc_column][vc_banner image=&#8221;13021&#8243;][\/vc_column][\/vc_row][vc_row full_width=&#8221;stretch_row&#8221; el_class=&#8221;home-offset-container&#8221;][vc_column][vc_row_inner][vc_column_inner width=&#8221;1\/3&#8243; css=&#8221;.vc_custom_1516801960166{background-color: #ffffff !important;}&#8221;][vc_column_text]Nous sommes ferm\u00e9s Horaires et infos pratiques Achetez votre billet[\/vc_column_text][\/vc_column_inner][vc_column_inner width=&#8221;1\/3&#8243; css=&#8221;.vc_custom_1516802257968{background-color: #ffffff !important;}&#8221;][vc_column_text]Nous trouver Ch\u00e2teau de Vullierens CH-1115 Vullierens-sur-Morges Voir l&#8217;itin\u00e9raire &nbsp; [\/vc_column_text][\/vc_column_inner][vc_column_inner width=&#8221;1\/3&#8243;][\/vc_column_inner][\/vc_row_inner][\/vc_column][\/vc_row][vc_row][vc_column][vc_home_fullwidth_block title=&#8221;Les Jardins les plus spectaculaires de Suisse par\u00e9s de leurs fleurs de saison. Exposition de plus de 80 sculptures \u00e0 admirer.&#8221; image=&#8221;10409&#8243; &hellip; <a href=\"https:\/\/455.ch\/en\/garden\/munis-garden\/\">Continued<\/a><\/p>\n","protected":false},"author":124,"featured_media":32918,"parent":0,"menu_order":39,"comment_status":"closed","ping_status":"closed","template":"views\/template-home.blade.php","meta":{"_acf_changed":false,"footnotes":""},"class_list":["post-4296","page","type-page","status-publish","has-post-thumbnail","hentry"],"acf":[],"_links":{"self":[{"href":"https:\/\/455.ch\/en\/wp-json\/wp\/v2\/pages\/4296","targetHints":{"allow":["GET"]}}],"collection":[{"href":"https:\/\/455.ch\/en\/wp-json\/wp\/v2\/pages"}],"about":[{"href":"https:\/\/455.ch\/en\/wp-json\/wp\/v2\/types\/page"}],"author":[{"embeddable":true,"href":"https:\/\/455.ch\/en\/wp-json\/wp\/v2\/users\/124"}],"replies":[{"embeddable":true,"href":"https:\/\/455.ch\/en\/wp-json\/wp\/v2\/comments?post=4296"}],"version-history":[{"count":0,"href":"https:\/\/455.ch\/en\/wp-json\/wp\/v2\/pages\/4296\/revisions"}],"wp:featuredmedia":[{"embeddable":true,"href":"https:\/\/455.ch\/en\/wp-json\/wp\/v2\/media\/32918"}],"wp:attachment":[{"href":"https:\/\/455.ch\/en\/wp-json\/wp\/v2\/media?parent=4296"}],"curies":[{"name":"wp","href":"https:\/\/api.w.org\/{rel}","templated":true}]}}